{"id":1269,"date":"2025-04-02T15:22:17","date_gmt":"2025-04-02T15:22:17","guid":{"rendered":"https:\/\/solermartinabogados.com\/avocat-pour-les-infractions-a-la-securite-routiere\/"},"modified":"2025-04-02T15:22:17","modified_gmt":"2025-04-02T15:22:17","slug":"avocat-pour-les-infractions-a-la-securite-routiere","status":"publish","type":"page","link":"https:\/\/solermartinabogados.com\/fr\/avocat-pour-les-infractions-a-la-securite-routiere\/","title":{"rendered":"Avocat pour les infractions \u00e0 la s\u00e9curit\u00e9 routi\u00e8re"},"content":{"rendered":"","protected":false},"excerpt":{"rendered":"","protected":false},"author":1,"featured_media":0,"parent":0,"menu_order":0,"comment_status":"closed","ping_status":"closed","template":"","meta":{"_joinchat":[],"footnotes":""},"class_list":["post-1269","page","type-page","status-publish","hentry"],"_links":{"self":[{"href":"https:\/\/solermartinabogados.com\/fr\/wp-json\/wp\/v2\/pages\/1269","targetHints":{"allow":["GET"]}}],"collection":[{"href":"https:\/\/solermartinabogados.com\/fr\/wp-json\/wp\/v2\/pages"}],"about":[{"href":"https:\/\/solermartinabogados.com\/fr\/wp-json\/wp\/v2\/types\/page"}],"author":[{"embeddable":true,"href":"https:\/\/solermartinabogados.com\/fr\/wp-json\/wp\/v2\/users\/1"}],"replies":[{"embeddable":true,"href":"https:\/\/solermartinabogados.com\/fr\/wp-json\/wp\/v2\/comments?post=1269"}],"version-history":[{"count":0,"href":"https:\/\/solermartinabogados.com\/fr\/wp-json\/wp\/v2\/pages\/1269\/revisions"}],"wp:attachment":[{"href":"https:\/\/solermartinabogados.com\/fr\/wp-json\/wp\/v2\/media?parent=1269"}],"curies":[{"name":"wp","href":"https:\/\/api.w.org\/{rel}","templated":true}]}}